{"id":7,"date":"2022-04-08T09:52:49","date_gmt":"2022-04-08T09:52:49","guid":{"rendered":"https:\/\/xn--dogusylmaz-2ub.com\/?page_id=7"},"modified":"2024-01-16T19:40:17","modified_gmt":"2024-01-16T16:40:17","slug":"anasayfa","status":"publish","type":"page","link":"https:\/\/xn--dogusylmaz-2ub.com\/","title":{"rendered":"Ana Sayfa"},"content":{"rendered":"","protected":false},"excerpt":{"rendered":"","protected":false},"author":1,"featured_media":0,"parent":0,"menu_order":0,"comment_status":"open","ping_status":"closed","template":"","meta":{"om_disable_all_campaigns":false,"_monsterinsights_skip_tracking":false,"_monsterinsights_sitenote_active":false,"_monsterinsights_sitenote_note":"","_monsterinsights_sitenote_category":0,"footnotes":""},"yoast_head":"<!-- This site is optimized with the Yoast SEO Premium plugin v21.3 (Yoast SEO v21.3) - https:\/\/yoast.com\/wordpress\/plugins\/seo\/ -->\n<title>Ana Sayfa - Do\u011fu\u015f Y\u0131lmaz<\/title>\n<meta name=\"description\" content=\"Uzman Klinik Psikolog Do\u011fu\u015f YILMAZ,Yak\u0131n Do\u011fu \u00dcniversitesi Psikoloji lisans b\u00f6l\u00fcm\u00fcnden mezun oldum ard\u0131ndan Klinik Psikoloji Master program\u0131n\u0131 tamamlad\u0131m.\" \/>\n<meta name=\"robots\" content=\"index, follow, max-snippet:-1, max-image-preview:large, max-video-preview:-1\" \/>\n<link rel=\"canonical\" href=\"https:\/\/xn--dogusylmaz-2ub.com\/\" \/>\n<meta property=\"og:locale\" content=\"tr_TR\" \/>\n<meta property=\"og:type\" content=\"article\" \/>\n<meta property=\"og:title\" content=\"Ana Sayfa\" \/>\n<meta property=\"og:description\" content=\"Uzman Klinik Psikolog Do\u011fu\u015f YILMAZ,Yak\u0131n Do\u011fu \u00dcniversitesi Psikoloji lisans b\u00f6l\u00fcm\u00fcnden mezun oldum ard\u0131ndan Klinik Psikoloji Master program\u0131n\u0131 tamamlad\u0131m.\" \/>\n<meta property=\"og:url\" content=\"https:\/\/xn--dogusylmaz-2ub.com\/\" \/>\n<meta property=\"og:site_name\" content=\"Do\u011fu\u015f Y\u0131lmaz\" \/>\n<meta property=\"article:modified_time\" content=\"2024-01-16T16:40:17+00:00\" \/>\n<meta name=\"twitter:card\" content=\"summary_large_image\" \/>\n<script type=\"application\/ld+json\" class=\"yoast-schema-graph\">{\"@context\":\"https:\/\/schema.org\",\"@graph\":[{\"@type\":\"WebPage\",\"@id\":\"https:\/\/xn--dogusylmaz-2ub.com\/\",\"url\":\"https:\/\/xn--dogusylmaz-2ub.com\/\",\"name\":\"Ana Sayfa - Do\u011fu\u015f Y\u0131lmaz\",\"isPartOf\":{\"@id\":\"https:\/\/xn--dogusylmaz-2ub.com\/#website\"},\"datePublished\":\"2022-04-08T09:52:49+00:00\",\"dateModified\":\"2024-01-16T16:40:17+00:00\",\"description\":\"Uzman Klinik Psikolog Do\u011fu\u015f YILMAZ,Yak\u0131n Do\u011fu \u00dcniversitesi Psikoloji lisans b\u00f6l\u00fcm\u00fcnden mezun oldum ard\u0131ndan Klinik Psikoloji Master program\u0131n\u0131 tamamlad\u0131m.\",\"breadcrumb\":{\"@id\":\"https:\/\/xn--dogusylmaz-2ub.com\/#breadcrumb\"},\"inLanguage\":\"tr\",\"potentialAction\":[{\"@type\":\"ReadAction\",\"target\":[\"https:\/\/xn--dogusylmaz-2ub.com\/\"]}]},{\"@type\":\"BreadcrumbList\",\"@id\":\"https:\/\/xn--dogusylmaz-2ub.com\/#breadcrumb\",\"itemListElement\":[{\"@type\":\"ListItem\",\"position\":1,\"name\":\"Home\",\"item\":\"https:\/\/xn--dogusylmaz-2ub.com\/\"},{\"@type\":\"ListItem\",\"position\":2,\"name\":\"Ana Sayfa\"}]},{\"@type\":\"WebSite\",\"@id\":\"https:\/\/xn--dogusylmaz-2ub.com\/#website\",\"url\":\"https:\/\/xn--dogusylmaz-2ub.com\/\",\"name\":\"Do\u011fu\u015f Y\u0131lmaz\",\"description\":\"Uzman Klinik Psikolog\",\"potentialAction\":[{\"@type\":\"SearchAction\",\"target\":{\"@type\":\"EntryPoint\",\"urlTemplate\":\"https:\/\/xn--dogusylmaz-2ub.com\/?s={search_term_string}\"},\"query-input\":\"required name=search_term_string\"}],\"inLanguage\":\"tr\"}]}<\/script>\n<!-- \/ Yoast SEO Premium plugin. -->","yoast_head_json":{"title":"Ana Sayfa - Do\u011fu\u015f Y\u0131lmaz","description":"Uzman Klinik Psikolog Do\u011fu\u015f YILMAZ,Yak\u0131n Do\u011fu \u00dcniversitesi Psikoloji lisans b\u00f6l\u00fcm\u00fcnden mezun oldum ard\u0131ndan Klinik Psikoloji Master program\u0131n\u0131 tamamlad\u0131m.","robots":{"index":"index","follow":"follow","max-snippet":"max-snippet:-1","max-image-preview":"max-image-preview:large","max-video-preview":"max-video-preview:-1"},"canonical":"https:\/\/xn--dogusylmaz-2ub.com\/","og_locale":"tr_TR","og_type":"article","og_title":"Ana Sayfa","og_description":"Uzman Klinik Psikolog Do\u011fu\u015f YILMAZ,Yak\u0131n Do\u011fu \u00dcniversitesi Psikoloji lisans b\u00f6l\u00fcm\u00fcnden mezun oldum ard\u0131ndan Klinik Psikoloji Master program\u0131n\u0131 tamamlad\u0131m.","og_url":"https:\/\/xn--dogusylmaz-2ub.com\/","og_site_name":"Do\u011fu\u015f Y\u0131lmaz","article_modified_time":"2024-01-16T16:40:17+00:00","twitter_card":"summary_large_image","schema":{"@context":"https:\/\/schema.org","@graph":[{"@type":"WebPage","@id":"https:\/\/xn--dogusylmaz-2ub.com\/","url":"https:\/\/xn--dogusylmaz-2ub.com\/","name":"Ana Sayfa - Do\u011fu\u015f Y\u0131lmaz","isPartOf":{"@id":"https:\/\/xn--dogusylmaz-2ub.com\/#website"},"datePublished":"2022-04-08T09:52:49+00:00","dateModified":"2024-01-16T16:40:17+00:00","description":"Uzman Klinik Psikolog Do\u011fu\u015f YILMAZ,Yak\u0131n Do\u011fu \u00dcniversitesi Psikoloji lisans b\u00f6l\u00fcm\u00fcnden mezun oldum ard\u0131ndan Klinik Psikoloji Master program\u0131n\u0131 tamamlad\u0131m.","breadcrumb":{"@id":"https:\/\/xn--dogusylmaz-2ub.com\/#breadcrumb"},"inLanguage":"tr","potentialAction":[{"@type":"ReadAction","target":["https:\/\/xn--dogusylmaz-2ub.com\/"]}]},{"@type":"BreadcrumbList","@id":"https:\/\/xn--dogusylmaz-2ub.com\/#breadcrumb","itemListElement":[{"@type":"ListItem","position":1,"name":"Home","item":"https:\/\/xn--dogusylmaz-2ub.com\/"},{"@type":"ListItem","position":2,"name":"Ana Sayfa"}]},{"@type":"WebSite","@id":"https:\/\/xn--dogusylmaz-2ub.com\/#website","url":"https:\/\/xn--dogusylmaz-2ub.com\/","name":"Do\u011fu\u015f Y\u0131lmaz","description":"Uzman Klinik Psikolog","potentialAction":[{"@type":"SearchAction","target":{"@type":"EntryPoint","urlTemplate":"https:\/\/xn--dogusylmaz-2ub.com\/?s={search_term_string}"},"query-input":"required name=search_term_string"}],"inLanguage":"tr"}]}},"_links":{"self":[{"href":"https:\/\/xn--dogusylmaz-2ub.com\/index.php?rest_route=\/wp\/v2\/pages\/7"}],"collection":[{"href":"https:\/\/xn--dogusylmaz-2ub.com\/index.php?rest_route=\/wp\/v2\/pages"}],"about":[{"href":"https:\/\/xn--dogusylmaz-2ub.com\/index.php?rest_route=\/wp\/v2\/types\/page"}],"author":[{"embeddable":true,"href":"https:\/\/xn--dogusylmaz-2ub.com\/index.php?rest_route=\/wp\/v2\/users\/1"}],"replies":[{"embeddable":true,"href":"https:\/\/xn--dogusylmaz-2ub.com\/index.php?rest_route=%2Fwp%2Fv2%2Fcomments&post=7"}],"version-history":[{"count":1,"href":"https:\/\/xn--dogusylmaz-2ub.com\/index.php?rest_route=\/wp\/v2\/pages\/7\/revisions"}],"predecessor-version":[{"id":98,"href":"https:\/\/xn--dogusylmaz-2ub.com\/index.php?rest_route=\/wp\/v2\/pages\/7\/revisions\/98"}],"wp:attachment":[{"href":"https:\/\/xn--dogusylmaz-2ub.com\/index.php?rest_route=%2Fwp%2Fv2%2Fmedia&parent=7"}],"curies":[{"name":"wp","href":"https:\/\/api.w.org\/{rel}","templated":true}]}}